{"id":1318,"date":"2021-11-21T15:12:46","date_gmt":"2021-11-21T15:12:46","guid":{"rendered":"https:\/\/tedysalgados.com.br\/?page_id=1318"},"modified":"2023-05-09T18:55:01","modified_gmt":"2023-05-09T21:55:01","slug":"home","status":"publish","type":"page","link":"https:\/\/tedysalgados.com.br\/","title":{"rendered":"P\u00e1gina Principal"},"content":{"rendered":"\t\t<div data-elementor-type=\"wp-page\" data-elementor-id=\"1318\" class=\"elementor elementor-1318\">\n\t\t\t\t\t\t\t\t\t<section class=\"elementor-section elementor-top-section elementor-element elementor-element-b5308e5 elementor-section-height-full elementor-section-boxed elementor-section-height-default elementor-section-items-middle\" data-id=\"b5308e5\" data-element_type=\"section\" data-settings=\"{&quot;background_background&quot;:&quot;classic&quot;}\">\n\t\t\t\t\t\t\t<div class=\"elementor-background-overlay\"><\/div>\n\t\t\t\t\t\t\t<div class=\"elementor-container elementor-column-gap-default\">\n\t\t\t\t\t<div class=\"elementor-column elementor-col-100 elementor-top-column elementor-element elementor-element-647f4a1\" data-id=\"647f4a1\" data-element_type=\"column\" data-settings=\"{&quot;background_background&quot;:&quot;classic&quot;}\">\n\t\t\t<div class=\"elementor-widget-wrap elementor-element-populated\">\n\t\t\t\t\t\t\t\t<div class=\"elementor-element elementor-element-41f4f34 elementor-widget elementor-widget-image\" data-id=\"41f4f34\" data-element_type=\"widget\" data-widget_type=\"image.default\">\n\t\t\t\t<div class=\"elementor-widget-container\">\n\t\t\t<style>\/*! elementor - v3.13.1 - 09-05-2023 *\/\n.elementor-widget-image{text-align:center}.elementor-widget-image a{display:inline-block}.elementor-widget-image a img[src$=\".svg\"]{width:48px}.elementor-widget-image img{vertical-align:middle;display:inline-block}<\/style>\t\t\t\t\t\t\t\t\t\t\t\t<img decoding=\"async\" width=\"300\" height=\"122\" src=\"https:\/\/tedysalgados.com.br\/wp-content\/uploads\/2023\/05\/LOGO_TEDY_SALGADOS-removebg-preview-e1683665994716-60x24.png\" class=\"attachment-medium size-medium wp-image-1334\" alt=\"\" loading=\"lazy\" srcset=\"https:\/\/tedysalgados.com.br\/wp-content\/uploads\/2023\/05\/LOGO_TEDY_SALGADOS-removebg-preview-e1683665994716-300x122.png 300w, https:\/\/tedysalgados.com.br\/wp-content\/uploads\/2023\/05\/LOGO_TEDY_SALGADOS-removebg-preview-e1683665994716-60x24.png 60w, https:\/\/tedysalgados.com.br\/wp-content\/uploads\/2023\/05\/LOGO_TEDY_SALGADOS-removebg-preview-e1683665994716.png 471w\" sizes=\"(max-width: 300px) 100vw, 300px\" \/>\t\t\t\t\t\t\t\t\t\t\t\t\t\t\t<\/div>\n\t\t\t\t<\/div>\n\t\t\t\t<div class=\"elementor-element elementor-element-0da3a26 elementor-widget elementor-widget-text-editor\" data-id=\"0da3a26\" data-element_type=\"widget\" data-widget_type=\"text-editor.default\">\n\t\t\t\t<div class=\"elementor-widget-container\">\n\t\t\t<style>\/*! elementor - v3.13.1 - 09-05-2023 *\/\n.elementor-widget-text-editor.elementor-drop-cap-view-stacked .elementor-drop-cap{background-color:#69727d;color:#fff}.elementor-widget-text-editor.elementor-drop-cap-view-framed .elementor-drop-cap{color:#69727d;border:3px solid;background-color:transparent}.elementor-widget-text-editor:not(.elementor-drop-cap-view-default) .elementor-drop-cap{margin-top:8px}.elementor-widget-text-editor:not(.elementor-drop-cap-view-default) .elementor-drop-cap-letter{width:1em;height:1em}.elementor-widget-text-editor .elementor-drop-cap{float:left;text-align:center;line-height:1;font-size:50px}.elementor-widget-text-editor .elementor-drop-cap-letter{display:inline-block}<\/style>\t\t\t\t<p>Escolha a cidade onde voc\u00ea gostaria de receber seu pedido.\u00a0<\/p>\t\t\t\t\t\t<\/div>\n\t\t\t\t<\/div>\n\t\t\t\t<section class=\"elementor-section elementor-inner-section elementor-element elementor-element-e4aa96b elementor-section-content-middle elementor-section-boxed elementor-section-height-default elementor-section-height-default\" data-id=\"e4aa96b\" data-element_type=\"section\">\n\t\t\t\t\t\t<div class=\"elementor-container elementor-column-gap-default\">\n\t\t\t\t\t<div class=\"elementor-column elementor-col-50 elementor-inner-column elementor-element elementor-element-2b66eea\" data-id=\"2b66eea\" data-element_type=\"column\" data-settings=\"{&quot;background_background&quot;:&quot;classic&quot;}\">\n\t\t\t<div class=\"elementor-widget-wrap elementor-element-populated\">\n\t\t\t\t\t\t\t\t<div class=\"elementor-element elementor-element-765fa0d elementor-position-left elementor-vertical-align-middle elementor-widget elementor-widget-image-box\" data-id=\"765fa0d\" data-element_type=\"widget\" data-widget_type=\"image-box.default\">\n\t\t\t\t<div class=\"elementor-widget-container\">\n\t\t\t<style>\/*! elementor - v3.13.1 - 09-05-2023 *\/\n.elementor-widget-image-box .elementor-image-box-content{width:100%}@media (min-width:768px){.elementor-widget-image-box.elementor-position-left .elementor-image-box-wrapper,.elementor-widget-image-box.elementor-position-right .elementor-image-box-wrapper{display:flex}.elementor-widget-image-box.elementor-position-right .elementor-image-box-wrapper{text-align:right;flex-direction:row-reverse}.elementor-widget-image-box.elementor-position-left .elementor-image-box-wrapper{text-align:left;flex-direction:row}.elementor-widget-image-box.elementor-position-top .elementor-image-box-img{margin:auto}.elementor-widget-image-box.elementor-vertical-align-top .elementor-image-box-wrapper{align-items:flex-start}.elementor-widget-image-box.elementor-vertical-align-middle .elementor-image-box-wrapper{align-items:center}.elementor-widget-image-box.elementor-vertical-align-bottom .elementor-image-box-wrapper{align-items:flex-end}}@media (max-width:767px){.elementor-widget-image-box .elementor-image-box-img{margin-left:auto!important;margin-right:auto!important;margin-bottom:15px}}.elementor-widget-image-box .elementor-image-box-img{display:inline-block}.elementor-widget-image-box .elementor-image-box-title a{color:inherit}.elementor-widget-image-box .elementor-image-box-wrapper{text-align:center}.elementor-widget-image-box .elementor-image-box-description{margin:0}<\/style><div class=\"elementor-image-box-wrapper\"><figure class=\"elementor-image-box-img\"><img decoding=\"async\" width=\"471\" height=\"191\" src=\"https:\/\/tedysalgados.com.br\/wp-content\/uploads\/2023\/05\/LOGO_TEDY_SALGADOS-removebg-preview-e1683665994716-60x24.png\" class=\"attachment-full size-full wp-image-1334\" alt=\"\" loading=\"lazy\" srcset=\"https:\/\/tedysalgados.com.br\/wp-content\/uploads\/2023\/05\/LOGO_TEDY_SALGADOS-removebg-preview-e1683665994716-60x24.png 60w, https:\/\/tedysalgados.com.br\/wp-content\/uploads\/2023\/05\/LOGO_TEDY_SALGADOS-removebg-preview-e1683665994716-300x122.png 300w, https:\/\/tedysalgados.com.br\/wp-content\/uploads\/2023\/05\/LOGO_TEDY_SALGADOS-removebg-preview-e1683665994716.png 471w\" sizes=\"(max-width: 471px) 100vw, 471px\" \/><\/figure><div class=\"elementor-image-box-content\"><h3 class=\"elementor-image-box-title\">Tedy Salgados Zona Sul<\/h3><p class=\"elementor-image-box-description\">Conjunto Residencial Trinta e Um de Mar\u00e7o - S\u00e3o Jos\u00e9 dos Campos\/SP<\/p><\/div><\/div>\t\t<\/div>\n\t\t\t\t<\/div>\n\t\t\t\t<div class=\"elementor-element elementor-element-5cd6300 elementor-align-center elementor-widget elementor-widget-button\" data-id=\"5cd6300\" data-element_type=\"widget\" data-widget_type=\"button.default\">\n\t\t\t\t<div class=\"elementor-widget-container\">\n\t\t\t\t\t<div class=\"elementor-button-wrapper\">\n\t\t\t<a href=\"https:\/\/loja.anota.ai\/Cn4TOM91WikN\" target=\"_blank\" class=\"elementor-button-link elementor-button elementor-size-sm\" role=\"button\">\n\t\t\t\t\t\t<span class=\"elementor-button-content-wrapper\">\n\t\t\t\t\t\t<span class=\"elementor-button-text\">CARD\u00c1PIO DIGITAL<\/span>\n\t\t<\/span>\n\t\t\t\t\t<\/a>\n\t\t<\/div>\n\t\t\t\t<\/div>\n\t\t\t\t<\/div>\n\t\t\t\t\t<\/div>\n\t\t<\/div>\n\t\t\t\t<div class=\"elementor-column elementor-col-50 elementor-inner-column elementor-element elementor-element-89c08ce\" data-id=\"89c08ce\" data-element_type=\"column\" data-settings=\"{&quot;background_background&quot;:&quot;classic&quot;}\">\n\t\t\t<div class=\"elementor-widget-wrap elementor-element-populated\">\n\t\t\t\t\t\t\t\t<div class=\"elementor-element elementor-element-d3e43b0 elementor-position-left elementor-vertical-align-middle elementor-widget elementor-widget-image-box\" data-id=\"d3e43b0\" data-element_type=\"widget\" data-widget_type=\"image-box.default\">\n\t\t\t\t<div class=\"elementor-widget-container\">\n\t\t\t<div class=\"elementor-image-box-wrapper\"><figure class=\"elementor-image-box-img\"><img decoding=\"async\" width=\"471\" height=\"191\" src=\"https:\/\/tedysalgados.com.br\/wp-content\/uploads\/2023\/05\/LOGO_TEDY_SALGADOS-removebg-preview-e1683665994716-60x24.png\" class=\"attachment-full size-full wp-image-1334\" alt=\"\" loading=\"lazy\" srcset=\"https:\/\/tedysalgados.com.br\/wp-content\/uploads\/2023\/05\/LOGO_TEDY_SALGADOS-removebg-preview-e1683665994716-60x24.png 60w, https:\/\/tedysalgados.com.br\/wp-content\/uploads\/2023\/05\/LOGO_TEDY_SALGADOS-removebg-preview-e1683665994716-300x122.png 300w, https:\/\/tedysalgados.com.br\/wp-content\/uploads\/2023\/05\/LOGO_TEDY_SALGADOS-removebg-preview-e1683665994716.png 471w\" sizes=\"(max-width: 471px) 100vw, 471px\" \/><\/figure><div class=\"elementor-image-box-content\"><h3 class=\"elementor-image-box-title\">Tedy Salgados Cecap<\/h3><p class=\"elementor-image-box-description\">Conjunto S\u00e3o Benedito - Jacare\u00ed\/SP<\/p><\/div><\/div>\t\t<\/div>\n\t\t\t\t<\/div>\n\t\t\t\t<div class=\"elementor-element elementor-element-154d289 elementor-align-center elementor-widget elementor-widget-button\" data-id=\"154d289\" data-element_type=\"widget\" data-widget_type=\"button.default\">\n\t\t\t\t<div class=\"elementor-widget-container\">\n\t\t\t\t\t<div class=\"elementor-button-wrapper\">\n\t\t\t<a href=\"https:\/\/loja.anota.ai\/3hwqjj33IoIC\" target=\"_blank\" class=\"elementor-button-link elementor-button elementor-size-sm\" role=\"button\">\n\t\t\t\t\t\t<span class=\"elementor-button-content-wrapper\">\n\t\t\t\t\t\t<span class=\"elementor-button-text\">CARD\u00c1PIO DIGITAL<\/span>\n\t\t<\/span>\n\t\t\t\t\t<\/a>\n\t\t<\/div>\n\t\t\t\t<\/div>\n\t\t\t\t<\/div>\n\t\t\t\t\t<\/div>\n\t\t<\/div>\n\t\t\t\t\t\t\t<\/div>\n\t\t<\/section>\n\t\t\t\t<div class=\"elementor-element elementor-element-7e3d719 elementor-widget elementor-widget-text-editor\" data-id=\"7e3d719\" data-element_type=\"widget\" data-widget_type=\"text-editor.default\">\n\t\t\t\t<div class=\"elementor-widget-container\">\n\t\t\t\t\t\t\t<p>Aten\u00e7\u00e3o: Pedidos realizados fora da regi\u00e3o atendida, ser\u00e3o negados pelo sistema.<\/p>\t\t\t\t\t\t<\/div>\n\t\t\t\t<\/div>\n\t\t\t\t\t<\/div>\n\t\t<\/div>\n\t\t\t\t\t\t\t<\/div>\n\t\t<\/section>\n\t\t\t\t\t\t\t<\/div>\n\t\t","protected":false},"excerpt":{"rendered":"<p>Escolha a cidade onde voc\u00ea gostaria de receber seu pedido.\u00a0 Tedy Salgados Zona Sul Conjunto Residencial Trinta e Um de Mar\u00e7o &#8211; S\u00e3o Jos\u00e9 dos Campos\/SP CARD\u00c1PIO DIGITAL Tedy Salgados Cecap Conjunto S\u00e3o Benedito &#8211; Jacare\u00ed\/SP CARD\u00c1PIO DIGITAL Aten\u00e7\u00e3o: Pedidos realizados fora da regi\u00e3o atendida, ser\u00e3o negados pelo sistema.<\/p>\n","protected":false},"author":1,"featured_media":0,"parent":0,"menu_order":0,"comment_status":"closed","ping_status":"closed","template":"elementor_canvas","meta":{"site-sidebar-layout":"no-sidebar","site-content-layout":"page-builder","ast-global-header-display":"","ast-banner-title-visibility":"","ast-main-header-display":"","ast-hfb-above-header-display":"","ast-hfb-below-header-display":"","ast-hfb-mobile-header-display":"","site-post-title":"disabled","ast-breadcrumbs-content":"","ast-featured-img":"disabled","footer-sml-layout":"","theme-transparent-header-meta":"enabled","adv-header-id-meta":"","stick-header-meta":"","header-above-stick-meta":"","header-main-stick-meta":"","header-below-stick-meta":""},"_links":{"self":[{"href":"https:\/\/tedysalgados.com.br\/index.php?rest_route=\/wp\/v2\/pages\/1318"}],"collection":[{"href":"https:\/\/tedysalgados.com.br\/index.php?rest_route=\/wp\/v2\/pages"}],"about":[{"href":"https:\/\/tedysalgados.com.br\/index.php?rest_route=\/wp\/v2\/types\/page"}],"author":[{"embeddable":true,"href":"https:\/\/tedysalgados.com.br\/index.php?rest_route=\/wp\/v2\/users\/1"}],"replies":[{"embeddable":true,"href":"https:\/\/tedysalgados.com.br\/index.php?rest_route=%2Fwp%2Fv2%2Fcomments&post=1318"}],"version-history":[{"count":26,"href":"https:\/\/tedysalgados.com.br\/index.php?rest_route=\/wp\/v2\/pages\/1318\/revisions"}],"predecessor-version":[{"id":1361,"href":"https:\/\/tedysalgados.com.br\/index.php?rest_route=\/wp\/v2\/pages\/1318\/revisions\/1361"}],"wp:attachment":[{"href":"https:\/\/tedysalgados.com.br\/index.php?rest_route=%2Fwp%2Fv2%2Fmedia&parent=1318"}],"curies":[{"name":"wp","href":"https:\/\/api.w.org\/{rel}","templated":true}]}}